{"id":122,"date":"2024-12-18T23:44:13","date_gmt":"2024-12-18T23:44:13","guid":{"rendered":"https:\/\/willemprins.me\/?page_id=122"},"modified":"2026-02-05T11:13:20","modified_gmt":"2026-02-05T11:13:20","slug":"lebenslauf","status":"publish","type":"page","link":"https:\/\/willemprins.me\/de\/lebenslauf\/","title":{"rendered":"Lebenslauf"},"content":{"rendered":"\n<h2 class=\"wp-block-heading\">Pers\u00f6nliche Angaben<\/h2>\n\n\n\n<div class=\"wp-block-group is-nowrap is-layout-flex wp-container-core-group-is-layout-6c531013 wp-block-group-is-layout-flex\">\n<div class=\"wp-block-group is-vertical is-layout-flex wp-container-core-group-is-layout-fe9cc265 wp-block-group-is-layout-flex\">\n<p><strong>Name: <\/strong>Willem Prins<br><strong>Ich wurde geboren in: <\/strong> Castricum (NL), 1983<\/p>\n<\/div>\n\n\n\n<div class=\"wp-block-group is-vertical is-layout-flex wp-container-core-group-is-layout-fe9cc265 wp-block-group-is-layout-flex\">\n<p><strong>Wo ich wohne<\/strong>: Brandenburg, Deutschland<br><strong>Kontakt zu mir<\/strong>: <a href=\"mailto:hi@willemprins.me\">hi [ at ] willemprins.me<\/a><\/p>\n<\/div>\n<\/div>\n\n\n\n<hr class=\"wp-block-separator has-alpha-channel-opacity\"\/>\n\n\n\n<h2 class=\"wp-block-heading\">\u00dcber mich<\/h2>\n\n\n\n<p>Ich liebe Sprachen, Musik und alle andere Formen von Kultur. Zum Ausgleich f\u00fcr die Arbeit am Rechner bin ich gerne unterwegs mit meiner Tochter oder ich gehe laufen, radfahren oder schwimmen. Ich spreche flie\u00dfend Niederl\u00e4ndisch (Muttersprache), Englisch (C2) und Deutsch (C1\/C2).<\/p>\n\n\n\n<hr class=\"wp-block-separator has-alpha-channel-opacity\"\/>\n\n\n\n<h2 class=\"wp-block-heading\">Berufliche Erfahrung<\/h2>\n\n\n\n<h3 class=\"wp-block-heading\">2018 &#8211; 2025: Syde GmbH<\/h3>\n\n\n\n<p><strong>Facilitator \/ Content Creator (2023-2025)<br><\/strong>Im Juli 2023 wurde ich gebeten, Sydes erster interner Facilitator zu werden, um Prozesse zu verbessern, interne Projekte zu koordinieren und Workshops zu leiten. In dieser Funktion organisierte und leitete ich drei Tage lang hybride Workshops f\u00fcr unseren j\u00e4hrlichen Betriebsausflug und moderierte ein Treffen der technischen F\u00fchrungskr\u00e4fte. <br>Danach unterst\u00fctzte ich die Rebranding-Bem\u00fchungen unseres Unternehmens, indem ich f\u00fcr einen erfolgreichen Relaunch unserer Marketing-Website sorgte und als Product Owner f\u00fcr syde.com inhaltliche \u00c4nderungen und Bugfixes \u00fcberwachte. Nach dem Rebranding blieb ich dem Marketingteam als individueller Mitarbeiter erhalten und konzentrierte mich auf die Erstellung hochwertiger Inhalte.<\/p>\n\n\n\n<p><strong>Teamleiter und Projektmanager (2022-2023)<br><\/strong>Als Leiter eines Entwicklungsteams war ich f\u00fcr die Verwaltung von Kundenbeziehungen und die \u00dcberwachung der laufenden Entwicklung mehrerer gro\u00dfer Webprojekte verantwortlich. Als erste Anlaufstelle f\u00fcr diese Kunden \u00fcbersetzte ich ihre gesch\u00e4ftlichen Anforderungen und Ziele in technische Vorschl\u00e4ge und Kostenvoranschl\u00e4ge f\u00fcr neue Projekte und Funktionen. <br>In dieser Funktion leitete ich die team\u00fcbergreifenden Entwicklungs- und Designarbeiten f\u00fcr einen erfolgreichen Relaunch und die Einf\u00fchrung eines neuen redaktionellen Auftritts f\u00fcr die globale Nachrichtenplattform von SAP, <a href=\"https:\/\/news.sap.com\">news.sap.com<\/a>.<\/p>\n\n\n\n<p><strong>WordPress-Entwickler (2018-2022)<\/strong><br>Als individueller Mitarbeiter in einem der Entwicklungsteams von Syde habe ich an Funktionen und Wartungsaufgaben f\u00fcr gro\u00dfe WordPress-Projekte f\u00fcr Unternehmenskunden wie SAP gearbeitet. <br>In dieser Rolle habe ich verschiedene Initiativen zur F\u00f6rderung der team\u00fcbergreifenden Zusammenarbeit und des Wissensaustauschs geleitet und moderiert: ein monatliches Entwicklertreffen, unternehmensweite Improvement Days, ein w\u00f6chentliches Tech-Meeting mit Vertretern aus jedem Team sowie eine interne Projektbibliothek und RFCs. <\/p>\n\n\n\n<h3 class=\"wp-block-heading\">2010 &#8211; heute: Freiberuflicher Web- und Produktentwickler, Somtijds<\/h3>\n\n\n\n<p>Nach Abschluss meines Studiums begann ich als Freiberufler unter dem Namen Somtijds mit der Erstellung von Websites f\u00fcr kulturelle Organisationen und kleine Unternehmen.<\/p>\n\n\n\n<p>Zwischen 2011 und 2014 initiierte und koordinierte ich die Entwicklung von Wendingen, einer partizipativen Datenbank f\u00fcr alle, die sich f\u00fcr die wunderbare Backsteinarchitektur und das Kunsthandwerk der Amsterdamse School aus den 1920er und 1930er Jahren interessieren. <br>Ich leitete die Entwicklung der Plattform als Product Owner, sammelte und redigierte die ersten Beitr\u00e4ge, kommunizierte mit Partnern und potenziellen Sponsoren und bereitete eine Marketingstrategie und eine Startveranstaltung vor.<br>Das urspr\u00fcngliche Design und einige Funktionen sind leider verschwunden, aber dank der tollen Redaktion und Community hat <a href=\"https:\/\/www.amsterdamse-school.nl\">www.amsterdamse-school.nl<\/a> sich zu einer wichtigen Ressource f\u00fcr Liebhaber und andere Interessenten entwickelt.<\/p>\n\n\n\n<p>Ausf\u00fchrliche Beschreibungen von folgenden Projekten sind in <a href=\"https:\/\/willemprins.me\/de\/meine-arbeit\/\" data-type=\"page\" data-id=\"551\">meinem Portfolio<\/a> zu finden:<\/p>\n\n\n\n<ul class=\"wp-block-list\">\n<li>Relaunch Webseite <a href=\"https:\/\/willemprins.me\/de\/portfolio\/tandem-for-culture\/\" data-type=\"portfolio\" data-id=\"612\">Tandem for Culture<\/a> (2017)<\/li>\n\n\n\n<li><a href=\"https:\/\/willemprins.me\/portfolio\/digital-archive-with-elasticsearch-for-amstelodamum\/\" data-type=\"portfolio\" data-id=\"667\">Digitales Archiv mit Elasticsearch f\u00fcr Amstelodamum<\/a> &#8211; 2016<\/li>\n\n\n\n<li><a href=\"https:\/\/willemprins.me\/de\/portfolio\/muziek-talent-express-prototyping-a-web-application-for-global-musical-education-in-primary-schools\/\" data-type=\"portfolio\" data-id=\"927\">Muziek Talent Express<\/a>, ein interaktives Tool f\u00fcr den Musikunterricht in Grundschulen &#8211; 2012-2016<\/li>\n\n\n\n<li><a href=\"https:\/\/willemprins.me\/de\/portfolio\/relaunch-aejm-org\/\" data-type=\"portfolio\" data-id=\"557\">Relaunch aejm.org f\u00fcr die Association of European Jewish Museum (AEJM)<\/a> &#8211; 2015<\/li>\n\n\n\n<li><a href=\"https:\/\/willemprins.me\/de\/portfolio\/platform-wendingen\/\" data-type=\"portfolio\" data-id=\"524\">Plattform Wendingen<\/a>, eine Online-Crowdsourcing-Plattform, die dem Architekturstil der Amsterdamse School gewidmet ist &#8211; 2009-2014<\/li>\n<\/ul>\n\n\n\n<p>Weitere Projekte im Kultur und Kulturelles Erbe, an denen ich gearbeitet habe:<\/p>\n\n\n\n<ul class=\"wp-block-list\">\n<li>Relaunch einer Webseite und Printdesign f\u00fcr das politisch-filosofische Zeitschrift Tijd &amp; Taak und B\u00fccher der <a href=\"https:\/\/www.banningvereniging.nl\">Banning Vereniging<\/a> &#8211; 2014-2015<\/li>\n\n\n\n<li>Relaunch einer Webseite f\u00fcr die <a href=\"https:\/\/knob.nl\">Koninklijke Nederlandse Oudheidkundige Bond<\/a> (KNOB) &#8211; 2014<\/li>\n<\/ul>\n\n\n\n<p>Von mir entwickelte Partizipative digitale Formate: <\/p>\n\n\n\n<ul class=\"wp-block-list\">\n<li>Eine interaktive Foto-Galerie f\u00fcr das Festival Industriecultuur, das das industrielle Erbe feiert (2015)<\/li>\n\n\n\n<li>Ein poetischer Wortgenerator f\u00fcr das Theaterfestival Oerol (2014)<\/li>\n<\/ul>\n\n\n\n<h3 class=\"wp-block-heading\"><strong>Inklusion und Arbeit mit jungen Menschen<\/strong><\/h3>\n\n\n\n<ul class=\"wp-block-list\">\n<li>Pers\u00f6nliche Assistenz und Facilitation im Alltag und auf der Universit\u00e4t f\u00fcr eine junge Studentin mit Behinderung (2009-2013)<\/li>\n\n\n\n<li>Betreuung von inklusiven Freizeitaktivit\u00e4ten f\u00fcr junge Leute auf Corsica (mit der Stadtjugendring Baden-Baden, 2008) und auf der Ostsee (At Sea Sail Training, 2007)<\/li>\n<\/ul>\n\n\n\n<h3 class=\"wp-block-heading\">Produktion und Veranstaltungen im <strong>Kulturbereich<\/strong><\/h3>\n\n\n\n<ul class=\"wp-block-list\">\n<li>Technischer Mitarbeiter beim politisch-kulturellen Veranstaltungszentrum De Rode Hoed in Amsterdam (2010-2011)<\/li>\n\n\n\n<li>Freiwillige Mitarbeiter beim Amsterdam Fantastic Film Festival (2006-2007)<\/li>\n<\/ul>\n\n\n\n<hr class=\"wp-block-separator has-alpha-channel-opacity\"\/>\n\n\n\n<h2 class=\"wp-block-heading\">Bildung<\/h2>\n\n\n\n<h3 class=\"wp-block-heading\">2025 &#8211; Produktmanagement-Bootcamp<em> &#8211; <\/em>Zertifikat<\/h3>\n\n\n\n<p>Digitale Leute<\/p>\n\n\n\n<h3 class=\"wp-block-heading\">2011: MA Kulturgeschichte &#8211; <em>cum laude<\/em><\/h3>\n\n\n\n<p>Universit\u00e4t von Amsterdam (NL)<br>Universit\u00e4t Nottingham (UK): Postgraduiertenkurse als Erasmus-Student<br><br>Im Rahmen meiner Masterarbeit habe ich eine interaktive Zeitleiste mit \u00fcber 250 Volltextquellen zur niederl\u00e4ndischen Rezeption von David Hume entwickelt<\/p>\n\n\n\n<h3 class=\"wp-block-heading\">2007: BA in Geschichte<\/h3>\n\n\n\n<p>Universit\u00e4t Amsterdam (NL): Nebenfach Englische Sprache und Literatur<\/p>\n\n\n\n<h3 class=\"wp-block-heading\">2002: Sekundarschulbildung<\/h3>\n\n\n\n<p>VWO-Diplom, Jac. P. Thijsse College, Castricum<\/p>\n\n\n\n<hr class=\"wp-block-separator has-alpha-channel-opacity\"\/>\n\n\n\n<h2 class=\"wp-block-heading\">Andere Aktivit\u00e4ten<\/h2>\n\n\n\n<ul class=\"wp-block-list\">\n<li>Praktikumsbetreuerin f\u00fcr einen Studenten der Kommunikationswissenschaft, der die Online-Aktivit\u00e4ten von Berliner Museen erforscht (2015-2016)<\/li>\n\n\n\n<li>Moderation einer Veranstaltung \u00fcber kulturelles Unternehmertum und Online-Medien f\u00fcr eine Gruppe von Studenten unter der Leitung von L\u00e9ontine Meijer-van Mensch (2016)<\/li>\n\n\n\n<li>Erstellung eines interaktiven Zeitleiste unter Verwendung von Open-Data-Quellenmaterial \u00fcber fr\u00fchneuzeitliche niederl\u00e4ndische Reaktionen auf die Werke von David Hume (2009-2011)<\/li>\n<\/ul>\n","protected":false},"excerpt":{"rendered":"<p>Pers\u00f6nliche Angaben Name: Willem PrinsIch wurde geboren in: Castricum (NL), 1983 Wo ich wohne: Brandenburg, DeutschlandKontakt zu mir: hi [ at ] willemprins.me \u00dcber mich Ich liebe Sprachen, Musik und alle andere Formen von Kultur. Zum Ausgleich f\u00fcr die Arbeit am Rechner bin ich gerne unterwegs mit meiner Tochter oder ich gehe laufen, radfahren oder [&hellip;]<\/p>\n","protected":false},"author":2,"featured_media":0,"parent":0,"menu_order":0,"comment_status":"closed","ping_status":"closed","template":"","meta":{"editor_notices":[],"footnotes":""},"class_list":["post-122","page","type-page","status-publish","hentry"],"_links":{"self":[{"href":"https:\/\/willemprins.me\/de\/wp-json\/wp\/v2\/pages\/122","targetHints":{"allow":["GET"]}}],"collection":[{"href":"https:\/\/willemprins.me\/de\/wp-json\/wp\/v2\/pages"}],"about":[{"href":"https:\/\/willemprins.me\/de\/wp-json\/wp\/v2\/types\/page"}],"author":[{"embeddable":true,"href":"https:\/\/willemprins.me\/de\/wp-json\/wp\/v2\/users\/2"}],"replies":[{"embeddable":true,"href":"https:\/\/willemprins.me\/de\/wp-json\/wp\/v2\/comments?post=122"}],"version-history":[{"count":31,"href":"https:\/\/willemprins.me\/de\/wp-json\/wp\/v2\/pages\/122\/revisions"}],"predecessor-version":[{"id":1284,"href":"https:\/\/willemprins.me\/de\/wp-json\/wp\/v2\/pages\/122\/revisions\/1284"}],"wp:attachment":[{"href":"https:\/\/willemprins.me\/de\/wp-json\/wp\/v2\/media?parent=122"}],"curies":[{"name":"wp","href":"https:\/\/api.w.org\/{rel}","templated":true}]}}