{"id":2,"date":"2024-12-10T22:09:03","date_gmt":"2024-12-10T22:09:03","guid":{"rendered":"https:\/\/willemprins.me\/?page_id=2"},"modified":"2026-02-05T11:12:38","modified_gmt":"2026-02-05T11:12:38","slug":"ueber-mich","status":"publish","type":"page","link":"https:\/\/willemprins.me\/de\/ueber-mich\/","title":{"rendered":"\u00dcber mich"},"content":{"rendered":"\n<p>Das bin also ich, Willem. Hallo \ud83d\udc4b<\/p>\n\n\n\n<p>Ich bin Kulturhistoriker und ein Stadtmensch, der zu einem vielseitigen digitalen Produktmensch wurde, in einem Dorf auf dem Land in Brandenburg. <\/p>\n\n\n\n<p>Seit 2010 habe ich nach meinem Studium Kulturgeschichte in Amsterdam als Freelancer an verschiedenen Online-Projekten in den Bereichen Kultur und Kulturerbe gearbeitet. In diesen ersten Jahren habe ich u. A. <a href=\"https:\/\/willemprins.me\/de\/portfolio\/muziek-talent-express-eine-webanwendung-fur-den-musikunterricht\/\" data-type=\"portfolio\" data-id=\"927\">eine interaktive Anwendung<\/a> f\u00fcr Musikunterricht auf Grundschulen entwickelt, und zusammen mit einem kleinen Architekturmuseum <a href=\"https:\/\/willemprins.me\/de\/portfolio\/eine-partizipative-wissensbasis-fur-architektur-plattform-wendingen\/\" data-type=\"portfolio\" data-id=\"524\">eine partizipative Plattform<\/a> f\u00fcr Liebhaber der &#8220;Amsterdamse School&#8221;-Str\u00f6mung aufgebaut.<\/p>\n\n\n\n<p>Obwohl ich bei der Entwicklung von Webseiten oft alleine gearbeitet habe, hat es mir am meisten Spa\u00df gemacht, wenn ich f\u00fcr gr\u00f6\u00dferen Projekten mit Designern und andere Entwicklern zusammen arbeiten konnte. Viele Websites, die ich f\u00fcr gro\u00dfe und kleine Organisationen gebaut habe, basierten auf WordPress, dem Open-Source-Content-Management-System, das <em>immer noch<\/em> <a href=\"https:\/\/joost.blog\/cms-market-share\/\">&gt;35% des Webs<\/a> antreibt. Als Programmierer f\u00fchle ich mich daher am wohlsten beim Arbeiten mit PHP, HTML und CSS.<\/p>\n\n\n\n<p>In 2018 bin ich zu <a href=\"https:\/\/syde.com\">Syde<\/a> gekommen, eine Enterprise-WordPress-Agentur, f\u00fcr die ich bis Anfang 2025 arbeitete. Dort wechselte ich von der Entwicklung zur Projektleitung, pflegte Kundenbeziehungen und baute ein neues Team auf mit f\u00fcnf Entwicklern. Neben diesen Aufgaben leitete ich verschiedene interne Initiativen f\u00fcr team\u00fcbergreifende Zusammenarbeit, moderierte und leitete Managementmeetings und Firmen-Offsites und war im Marketingbereich t\u00e4tig als Product Owner und technischer Autor.<\/p>\n\n\n\n<p>In Juni dieses Jahres habe ich an ein Product Management Bootcamp absolviert und jetzt stehe ich f\u00fcr eine neue Herausforderung zur Verf\u00fcgung.<\/p>\n\n\n\n<h2 class=\"wp-block-heading\">Was kommt als n\u00e4chstes?<\/h2>\n\n\n\n<p>Ich suche eine neue Herausforderung in der Web- und Softwareentwicklung. Remote, Hybrid oder in meiner direkten Umgebung, in der ich sowohl meine technische Erfahrung als auch meine Neugier und Leidenschaft f\u00fcr agile Zusammenarbeit und Kommunikation einsetzen kann. Falls du gerade an etwas arbeitest und jemanden gebrauchen kannst, der <em>hands-on<\/em> ist, kreativ und mit digitalem und kommunikativem Geschick &#8211; <a href=\"mailto:willem@somtijds.nl\">sag mir Bescheid<\/a>!<\/p>\n\n\n\n<h2 class=\"wp-block-heading\">Was kannst du bei der Zusammenarbeit mit mir erwarten?<\/h2>\n\n\n\n<p><a href=\"https:\/\/archief.somtijds.nl\/zeastarah\/frametest.html\">Meine erste Website<\/a> habe ich vor 23(!) Jahren gebaut f\u00fcr eine kleine Runde von Freunden, mit wem ich das Rollenspiel Dungeons and Dragons gespielt habe. Mein erster Charakter in diesem Spiel war ein Barde, eine Klasse, die typischerweise als Allesk\u00f6nner der Fantasy-Welt beschrieben wird. In der realen Welt bin ich nicht viel anders. Ich bin eine von Natur aus neugierige Person, die gerne alles ausprobiert und sich leicht mit Menschen verbindet und Initiativen mit Enthusiasmus und Ausdauer vorantreibt.<\/p>\n\n\n\n<p>Ich sch\u00e4tze klare Kommunikation, transparente und inklusive Prozesse und gut geschriebene Dokumentation sehr. Ich gedeihe in Umgebungen, wo ernsthaftes Schreiben und fr\u00f6hlicher Wortwitz Hand in Hand gehen k\u00f6nnen. Ob du einen engagierten individuellen Mitwirkenden oder einen technisch versierten <em>Servant Leader<\/em> brauchst: ich bringe Hingabe, Vielseitigkeit und Empathie in dein Team.<\/p>\n\n\n\n<p>Falls du dich f\u00fcr die Art von Arbeit interessierst, die ich zuvor gemacht habe, schau dir <a href=\"https:\/\/willemprins.me\/de\/lebenslauf\/\" data-type=\"page\" data-id=\"122\">meinen Lebenslauf<\/a> an oder lies mehr \u00fcber ausgew\u00e4hlte Projekte auf meiner <a href=\"https:\/\/willemprins.me\/de\/meine-arbeit\/\" data-type=\"page\" data-id=\"551\">Portfolio<\/a>-Seite.<\/p>\n\n\n\n<h2 class=\"wp-block-heading\">Womit besch\u00e4ftige ich mich im Moment?<\/h2>\n\n\n\n<p>Auf meiner <a href=\"https:\/\/willemprins.me\/de\/now\/\" data-type=\"page\" data-id=\"978\">Now<\/a>-Seite findest du eine \u00dcbersicht \u00fcber Dinge, auf die ich mich derzeit konzentriere.<\/p>\n","protected":false},"excerpt":{"rendered":"<p>Das bin also ich, Willem. Hallo \ud83d\udc4b Ich bin Kulturhistoriker und ein Stadtmensch, der zu einem vielseitigen digitalen Produktmensch wurde, in einem Dorf auf dem Land in Brandenburg. Seit 2010 habe ich nach meinem Studium Kulturgeschichte in Amsterdam als Freelancer an verschiedenen Online-Projekten in den Bereichen Kultur und Kulturerbe gearbeitet. In diesen ersten Jahren habe [&hellip;]<\/p>\n","protected":false},"author":2,"featured_media":0,"parent":0,"menu_order":0,"comment_status":"closed","ping_status":"closed","template":"","meta":{"editor_notices":[],"footnotes":""},"class_list":["post-2","page","type-page","status-publish","hentry"],"_links":{"self":[{"href":"https:\/\/willemprins.me\/de\/wp-json\/wp\/v2\/pages\/2","targetHints":{"allow":["GET"]}}],"collection":[{"href":"https:\/\/willemprins.me\/de\/wp-json\/wp\/v2\/pages"}],"about":[{"href":"https:\/\/willemprins.me\/de\/wp-json\/wp\/v2\/types\/page"}],"author":[{"embeddable":true,"href":"https:\/\/willemprins.me\/de\/wp-json\/wp\/v2\/users\/2"}],"replies":[{"embeddable":true,"href":"https:\/\/willemprins.me\/de\/wp-json\/wp\/v2\/comments?post=2"}],"version-history":[{"count":39,"href":"https:\/\/willemprins.me\/de\/wp-json\/wp\/v2\/pages\/2\/revisions"}],"predecessor-version":[{"id":1282,"href":"https:\/\/willemprins.me\/de\/wp-json\/wp\/v2\/pages\/2\/revisions\/1282"}],"wp:attachment":[{"href":"https:\/\/willemprins.me\/de\/wp-json\/wp\/v2\/media?parent=2"}],"curies":[{"name":"wp","href":"https:\/\/api.w.org\/{rel}","templated":true}]}}