{"id":978,"date":"2025-04-03T10:15:16","date_gmt":"2025-04-03T10:15:16","guid":{"rendered":"https:\/\/willemprins.me\/?page_id=978"},"modified":"2025-09-22T10:18:38","modified_gmt":"2025-09-22T10:18:38","slug":"now","status":"publish","type":"page","link":"https:\/\/willemprins.me\/de\/now\/","title":{"rendered":"Now"},"content":{"rendered":"\n<p>Dies ist meine <a href=\"https:\/\/nownownow.com\/about\">\/now-Seite<\/a>, die ich versuchen werde, regelm\u00e4\u00dfig mit den Dingen zu aktualisieren, auf die ich mich im Moment konzentriere.<\/p>\n\n\n\n<h2 class=\"wp-block-heading\">Auf der Suche nach neuen M\u00f6glichkeiten nach Abschluss eines PM-Bootcamps<\/h2>\n\n\n\n<p>Vor etwas mehr als einem Monat habe ich ein dreimonatiges <a href=\"https:\/\/school.digitale-leute.de\/product-management-bootcamp-2\/\">Produktmanagement-Bootcamp an der Digitale Leute School<\/a> abgeschlossen und mein<a href=\"https:\/\/willemprins.me\/wp-content\/uploads\/2025\/06\/Digitale_Leute_School_Product_Management_Bootcamp_Certificate_Willem_Prins_144795462.pdf\" data-type=\"link\" data-id=\"https:\/\/willemprins.me\/wp-content\/uploads\/2025\/06\/Digitale_Leute_School_Product_Management_Bootcamp_Certificate_Willem_Prins_144795462.pdf\"> Zertifikat<\/a> erhalten. Es war eine gro\u00dfartige Erfahrung, und es war traurig, sich nach so einer intensiven Zeit von all den tollen Leuten in unserer Gruppe zu verabschieden. Gl\u00fccklicherweise konnten wir ein w\u00f6chentliches Standup einrichten, um in Kontakt zu bleiben, Erfahrungen auszutauschen und uns gegenseitig zu unterst\u00fctzen. <\/p>\n\n\n\n<p>Neben der Suche nach Produktfunktionen in Softwareunternehmen entdecke ich meine Wurzeln in den digitalen Geisteswissenschaften wieder und ergreife eine aufregende Gelegenheit bei einem internationalen Archivierungsprojekt mit einer wichtigen Aufgabe.<\/p>\n\n\n\n<h2 class=\"wp-block-heading\">Weiterf\u00fchrung meines Projekts zur Geschichte l\u00e4ndlicher Gemeinden<\/h2>\n\n\n\n<p>Im Rahmen des Bootcamps habe ich an einem Produktkonzept f\u00fcr eine partizipative Plattform gearbeitet, die es l\u00e4ndlichen Gemeinden erm\u00f6glicht, Dorfgeschichten und digitalisierte historische Artefakte zu sammeln und zu bewahren. Derzeit untersuche ich die M\u00f6glichkeiten, dieses Konzept zu verwirklichen. Dazu geh\u00f6rt die Ausarbeitung einer ersten Sch\u00e4tzung der anf\u00e4nglichen Entwicklung und die Suche nach Partnern f\u00fcr eine m\u00f6gliche Zusammenarbeit und Finanzierung.<\/p>\n\n\n\n<p>Um mich auf die anstehenden technischen Entscheidungen vorzubereiten, habe ich mich mit Graphdatenbankl\u00f6sungen besch\u00e4ftigt. Diese werden eine wichtige Rolle bei der Herstellung von Verbindungen zwischen den einzelnen Themen oder Einheiten spielen, die in den gesammelten Geschichten beschrieben oder erw\u00e4hnt werden &#8211; Ereignisse, Orte, Personen und Organisationen &#8211; in der Plattform.<\/p>\n\n\n\n<h2 class=\"wp-block-heading\">Laufen und Radfahren<\/h2>\n\n\n\n<p>Seit ein paar Wochen habe ich begonnen, f\u00fcr einen Marathon zu trainieren, den ich in 3-4 Monaten zu laufen hoffe. Dabei wechsle ich mich mit Laufen und Radfahren ab. Das Tolle daran ist, dass die langen Sommertage es mir erlauben, nach 20:00 Uhr abends auf mein Fahrrad zu steigen und noch vor Sonnenuntergang nach Hause zu kommen. <\/p>\n\n\n\n<p>Ich m\u00f6chte gerne glauben, dass das <em>keine<\/em> Midlife-Crisis ist: Schlie\u00dflich bin ich mit Anfang zwanzig schon mehrere Halbmarathons gelaufen und war aktives Mitglied in einem wunderbaren studentischen Laufverein &#8211; bis mich eine Knieverletzung zu einer Pause zwang. Nachdem ich vor drei Jahren nach Brandenburg gezogen war, dachte ich mir, dass das weite Land rund um unser Haus viele M\u00f6glichkeiten bietet, um wieder in Schwung zu kommen, und kaufte mir sogar ein Ticket f\u00fcr den Hamburg-Marathon. Diesmal warf mich allerdings eine R\u00fcckenverletzung und zu allem \u00dcberfluss auch noch eine Covid-19-Infektion zur\u00fcck.<\/p>\n\n\n\n<p>Da ich dieses Jahr 42 Jahre alt geworden bin, dachte ich, es w\u00e4re ein sch\u00f6nes Geschenk an mich selbst, dieses Jahr einen 42-km-Lauf zu absolvieren. Und zwar bei guter Gesundheit und ohne mich dabei zu verletzen. Daumen dr\u00fccken!<\/p>\n","protected":false},"excerpt":{"rendered":"<p>Dies ist meine \/now-Seite, die ich versuchen werde, regelm\u00e4\u00dfig mit den Dingen zu aktualisieren, auf die ich mich im Moment konzentriere. Auf der Suche nach neuen M\u00f6glichkeiten nach Abschluss eines PM-Bootcamps Vor etwas mehr als einem Monat habe ich ein dreimonatiges Produktmanagement-Bootcamp an der Digitale Leute School abgeschlossen und mein Zertifikat erhalten. Es war eine [&hellip;]<\/p>\n","protected":false},"author":2,"featured_media":0,"parent":0,"menu_order":0,"comment_status":"closed","ping_status":"closed","template":"","meta":{"editor_notices":[],"footnotes":""},"class_list":["post-978","page","type-page","status-publish","hentry"],"_links":{"self":[{"href":"https:\/\/willemprins.me\/de\/wp-json\/wp\/v2\/pages\/978","targetHints":{"allow":["GET"]}}],"collection":[{"href":"https:\/\/willemprins.me\/de\/wp-json\/wp\/v2\/pages"}],"about":[{"href":"https:\/\/willemprins.me\/de\/wp-json\/wp\/v2\/types\/page"}],"author":[{"embeddable":true,"href":"https:\/\/willemprins.me\/de\/wp-json\/wp\/v2\/users\/2"}],"replies":[{"embeddable":true,"href":"https:\/\/willemprins.me\/de\/wp-json\/wp\/v2\/comments?post=978"}],"version-history":[{"count":6,"href":"https:\/\/willemprins.me\/de\/wp-json\/wp\/v2\/pages\/978\/revisions"}],"predecessor-version":[{"id":1145,"href":"https:\/\/willemprins.me\/de\/wp-json\/wp\/v2\/pages\/978\/revisions\/1145"}],"wp:attachment":[{"href":"https:\/\/willemprins.me\/de\/wp-json\/wp\/v2\/media?parent=978"}],"curies":[{"name":"wp","href":"https:\/\/api.w.org\/{rel}","templated":true}]}}