{"id":98,"date":"2024-12-21T16:58:59","date_gmt":"2024-12-21T16:58:59","guid":{"rendered":"https:\/\/willemprins.me\/?page_id=98"},"modified":"2025-09-22T12:02:58","modified_gmt":"2025-09-22T12:02:58","slug":"uses","status":"publish","type":"page","link":"https:\/\/willemprins.me\/de\/uses\/","title":{"rendered":"Uses"},"content":{"rendered":"\n<p>Ich bin ein ziemlicher Hardware-Nerd, deshalb mag ich es sehr, wenn Leute eine \/uses\/ Seite haben. Die erste, die ich in freier Wildbahn gesehen habe &#8211; und die ich immer noch sehr cool finde &#8211; ist <a href=\"https:\/\/wesbos.com\/uses\">https:\/\/wesbos.com\/uses<\/a>. <\/p>\n\n\n\n<p>Auf dieser Seite werde ich einen \u00dcberblick \u00fcber die Hardware, Software und Online-Dienste geben, die ich benutze, wenn ich am Computer sitze.<\/p>\n\n\n\n<p><em>Letzte Aktualisierung: 2025-07-07<\/em>. <em>Bitte beachte: Links mit einem (\ud83e\udd1d) sind Affiliate-Links.<\/em><\/p>\n\n\n\n<h2 class=\"wp-block-heading\">Hardware<\/h2>\n\n\n\n<p><a href=\"https:\/\/support.apple.com\/en-us\/111893\"><strong>13,3&#8243; Apple M1 MacBook Pro <\/strong><\/a>(8 Cores, 16 GB RAM, 512 GB Speicher, 2020)<br><a href=\"https:\/\/www.dell.com\/de-de\/shop\/geschwungener-dell-ultrasharp-40-thunderbolt-hub-monitor-u4025qw\/apd\/210-bmdv\/monitore-und-monitorzubeh%C3%B6r\"><strong>Dell Ultrasharp 4025QW<\/strong><\/a> 40&#8243; Monitor, an den ich mich noch gew\u00f6hnen muss. Es ist auch erw\u00e4hnenswert, dass das M1 nicht die f\u00fcr 120 Hz erforderliche Bandbreite bieten kann.<\/p>\n\n\n\n<p>Vor kurzem habe ich ein gebrauchtes <strong>Magic Keyboard mit Ziffernblock<\/strong> gefunden, um meine mechanische IKBC-Tastatur zu ersetzen, um vollst\u00e4ndig kabellos zu arbeiten und um Touch ID nutzen zu k\u00f6nnen, ohne meinen Laptop zu \u00f6ffnen.  Wie sich herausstellte, handelt es sich um eine Version, die noch ein Lightning-Kabel ben\u00f6tigt, aber das ist in Ordnung, da sie nur einmal im Monat aufgeladen werden muss.<br>Ich mache immer noch viele Tippfehler, weil das flache Layout und die einheitliche Tastengr\u00f6\u00dfe es viel schwieriger machen, zu erkennen, wo die Finger auf der Tastatur liegen und wo sie hin m\u00fcssen. <\/p>\n\n\n\n<h3 class=\"wp-block-heading\">Klang<\/h3>\n\n\n\n<p><a href=\"https:\/\/www.sony.co.uk\/headphones\/products\/wf-1000xm4\"><strong>Sony WF-1000XM4<\/strong><\/a> Bluetooth-Ohrh\u00f6rer mit aktiver Ger\u00e4uschunterdr\u00fcckung<\/p>\n\n\n\n<h3 class=\"wp-block-heading\">Kamera<\/h3>\n\n\n\n<p><a href=\"https:\/\/www.logitech.com\/de-de\/products\/webcams\/streamcam.html\"><strong>Logitech StreamCam<\/strong><\/a>, die auf dem Monitor sitzt, mit einem einfachen Ringlicht dahinter.<\/p>\n\n\n\n<h3 class=\"wp-block-heading\">M\u00f6bel<\/h3>\n\n\n\n<p><strong> <a href=\"https:\/\/destore.hermanmiller.com\/products\/jarvis-bamboo-desk-1200\">Fully<\/a><\/strong> verstellbarer Schreibtisch, aber mit einer einfachen Ikea-Arbeitsfl\u00e4che anstelle der schicken Bambus-\/Hartholzplatten, mit denen sie jetzt geliefert werden. Es scheint, dass es nicht mehr m\u00f6glich ist, nur das Gestell zu bestellen, seit die Firma zu Herman Miller geh\u00f6rt.<\/p>\n\n\n\n<p>Was die St\u00fchle angeht, so hoffe ich immer noch, einen erschwinglichen <a href=\"https:\/\/hag-office.com\/\">H\u00c5G Capisco <\/a>zu finden, der meinen <a href=\"https:\/\/deukspine.com\/blog\/understanding-l4-l5-disc-herniation\">R\u00fcckenproblemen<\/a> entgegenkommt. Das wird aber noch warten m\u00fcssen, bis ich hinter meinem Schreibtisch Platz daf\u00fcr habe.<\/p>\n\n\n\n<h2 class=\"wp-block-heading\">Software<\/h2>\n\n\n\n<h3 class=\"wp-block-heading\">Entwicklung<\/h3>\n\n\n\n<ul class=\"wp-block-list\">\n<li><a href=\"https:\/\/code.visualstudio.com\/download\"><strong>Visual Studio Code<\/strong><\/a>, <a href=\"https:\/\/github.blog\/news-insights\/product-news\/github-copilot-in-vscode-free\/\">das jetzt eine begrenzte, kostenlose Version von GitHub Copilot enth\u00e4lt<\/a>, die ich gerne ausprobieren m\u00f6chte<\/li>\n\n\n\n<li><a href=\"https:\/\/orbstack.dev\"><strong>Orbstack<\/strong><\/a> als mein Docker-Service<\/li>\n\n\n\n<li><a href=\"https:\/\/ddev.com\"><strong>DDEV<\/strong><\/a> zum Einrichten lokaler Entwicklungsumgebungen f\u00fcr WordPress<\/li>\n\n\n\n<li><strong><a href=\"https:\/\/sailed.io\">Sail<\/a> zum <\/strong>Synchronisieren, Konfigurieren und Bereitstellen von Websites auf einem <a href=\"https:\/\/www.digitalocean.com\/?refcode=dd6caaf81889&amp;utm_campaign=Referral_Invite&amp;utm_medium=Referral_Program&amp;utm_source=badge\"><strong>DigitalOcean<\/strong><\/a><em>(\ud83e\udd1d)<\/em>-Droplet mit Ubuntu 24.04 LTS<\/li>\n<\/ul>\n\n\n\n<h3 class=\"wp-block-heading\">Produktivit\u00e4t \/ Digitale Werkzeuge<\/h3>\n\n\n\n<p>Ich beschr\u00e4nke mich hier auf die von mir meistgenutzten Software:<\/p>\n\n\n\n<ul class=\"wp-block-list\">\n<li><strong><a href=\"https:\/\/brew.sh\">Homebrew<\/a><\/strong><\/li>\n\n\n\n<li><strong>Notes<\/strong> (MacOS-App) f\u00fcr schnelle Notizen und Ausschnitte, ger\u00e4te\u00fcbergreifend synchronisiert<\/li>\n\n\n\n<li><strong><a href=\"https:\/\/obsidian.md\">Obsidian<\/a><\/strong> f\u00fcr l\u00e4ngere Notizen und Entw\u00fcrfe. Ich m\u00f6chte lieber fr\u00fcher als sp\u00e4ter lernen, wie man seine Funktionen (wie den <a href=\"https:\/\/obsidian.md\/clipper\">Web Clipper<\/a>) besser nutzt.<\/li>\n\n\n\n<li><strong><a href=\"https:\/\/magnet.crowdcafe.com\">Magnet<\/a><\/strong> f\u00fcr die Fensterverwaltung<\/li>\n\n\n\n<li><strong><a href=\"https:\/\/www.raycast.com\">RayCast<\/a><\/strong> als Spotlight-Ersatz, allein schon wegen der <a href=\"https:\/\/www.raycast.com\/core-features\/emoji-picker\">Emoji-Picker-Erweiterung<\/a> wert! Wie bei Obsidian muss ich die Funktionen definitiv noch genauer erkunden.<\/li>\n\n\n\n<li><strong><a href=\"https:\/\/karabiner-elements.pqrs.org\">Karabiner-Elements<\/a><\/strong> ist ein praktisches Tool f\u00fcr Tastaturanpassungen: Ich benutze es, um alternative Tasten f\u00fcr die kaputten linken und rechten Pfeiltasten auf diesem MacBook zu haben.<\/li>\n\n\n\n<li><strong><a href=\"https:\/\/handmirror.app\">Hand Mirror<\/a><\/strong> ist eine praktische kleine App, mit der Sie Ihre Frisur vor einem Zoom-Anruf \u00fcberpr\u00fcfen k\u00f6nnen, oder wie die Website selbst sagt: &#8220;ein Kamera-Check mit einem Klick, direkt von der Men\u00fcleiste aus&#8221;. <\/li>\n\n\n\n<li><strong>Passwords<\/strong> (wiederum die MacOS-App) ist \u00fcberraschend gut, wie ich k\u00fcrzlich festgestellt habe. Besonders die 2FA-Integration ist butterweich. Nachdem ich jahrelang 1Password verwendet habe (\u00fcber ein Arbeitskonto, das mit Hilfe der raffinierten iCloud-Integration einen v\u00f6llig separaten, pers\u00f6nlichen Tresor erstellt), bin ich innerhalb einer Woche nach dem ersten Versuch mit Passwords umgestiegen.<\/li>\n<\/ul>\n\n\n\n<p><strong>Medien<\/strong><\/p>\n\n\n\n<ul class=\"wp-block-list\">\n<li><strong><a href=\"https:\/\/gimp.org\">GIMP<\/a><\/strong> zum Zuschneiden und \u00c4ndern der Gr\u00f6\u00dfe von Bildern, obwohl ich versuche, so viel wie m\u00f6glich in <strong>Preview<\/strong> zu machen<\/li>\n\n\n\n<li><strong><a href=\"https:\/\/apps.apple.com\/de\/app\/webp-converter\/id1522368690?l=en-GB&amp;mt=12\">WebP Converter<\/a> von <\/strong>Reji Kobayashi hat <a href=\"https:\/\/imageoptim.com\/mac\">ImageOptim<\/a>, das ich fr\u00fcher zur Optimierung von Bildern f\u00fcr das Web verwendet habe, weitgehend ersetzt. Es gibt auch den <a href=\"https:\/\/apps.apple.com\/de\/app\/avif-converter\/id1617089333?l=en-GB&amp;mt=12\">AVIF Converter.<\/a><\/li>\n\n\n\n<li><strong><a href=\"https:\/\/jakearchibald.github.io\/svgomg\/\">SVGOMG<\/a><\/strong> von <a href=\"https:\/\/jakearchibald.com\/who\/\">Jake Archibald<\/a> ist einfach fantastisch.<\/li>\n<\/ul>\n\n\n\n<h3 class=\"wp-block-heading\">Cloud-Speicher \/ Backup-Strategie<\/h3>\n\n\n\n<ul class=\"wp-block-list\">\n<li><a href=\"https:\/\/www.transip.nl\/stack\/\"><strong>STACK<\/strong><\/a> ist eine Remote-Speicherl\u00f6sung, die auf <a href=\"https:\/\/owncloud.com\">OwnCloud<\/a> von TransIP basiert.<br>Ich nutze die H\u00e4lfte der verf\u00fcgbaren 1 TB f\u00fcr die Speicherung meines digitalen Archivs, das \u00e4ltere Dokumente, Fotos, Musik und Aufnahmen umfasst. Es wird mit einer Desktop-App geliefert, mit der ich es von einer Samsung T7 SSD synchronisieren kann, die als Offline-Spiegel fungiert. <br>Ein zweites Backup existiert (ich m\u00f6chte sagen, <em>angeblich<\/em>) auf einem alten QNAP NAS-Speicher, der ein HDD-Laufwerk der Enterprise-Klasse mit 5400 Umdrehungen pro Minute enth\u00e4lt<\/li>\n\n\n\n<li><strong><a href=\"https:\/\/www.dropbox.com\/referrals\/AABiNmmcVYME6Um5rpegNMjlEMl6dQh7ZTc?src=global9\">Dropbox<\/a><\/strong> (\ud83e\udd1d) ist mein bevorzugtes Tool zum Speichern und Synchronisieren von Dateien auf verschiedenen Ger\u00e4ten. <br>Ich habe 10+ GB auf einer kostenlosen Ebene, die ich durch Empfehlungen auf diese Gr\u00f6\u00dfe aufstocken konnte. <\/li>\n\n\n\n<li><strong>iCloud<\/strong>. Die 5 GB, die auf der kostenlosen Ebene zur Verf\u00fcgung stehen, sind jetzt fast voll. Ich nutze iCloud f\u00fcr bestimmte Apps, die Dokumente ger\u00e4te\u00fcbergreifend synchronisieren, wie Notes, Obsidian und verschiedene Messaging-Apps. Ich synchronisiere keine Dokumente, E-Mails oder Fotos mit iCloud.<\/li>\n<\/ul>\n\n\n\n<h3 class=\"wp-block-heading\">KI-Tools<\/h3>\n\n\n\n<p>Diese Liste ist <em>sehr<\/em> kurz, aber ich habe vor, mit Hilfe dieses <a href=\"https:\/\/www.beyondbacklog.de\/p\/das-ki-radar-fur-produktmanagement-und-software-entwicklung\">KI-Radars<\/a>, der Einblicke in praktikable KI-Tools f\u00fcr Produktmanager bietet, weitere Entdeckungen zu machen.<\/p>\n\n\n\n<ul class=\"wp-block-list\">\n<li><a href=\"https:\/\/www.anthropic.com\/claude\"><strong>Claude<\/strong><\/a> ist meine bevorzugte L\u00f6sung f\u00fcr textbezogene Aufgaben. <\/li>\n<\/ul>\n\n\n\n<h2 class=\"wp-block-heading\">Auf der Website<\/h2>\n\n\n\n<p><strong><a href=\"https:\/\/www.simpleanalytics.com\/?referral=gasid\">Simple Analytics<\/a> (\ud83e\udd1d <\/strong>) ist das Tool, mit dem ich die Besuche auf meiner Website verfolge. Es ist eine L\u00f6sung, bei der der Datenschutz im Vordergrund steht, und seine Benutzeroberfl\u00e4che ist tausendmal menschenfreundlicher als Google Analytics. Ich benutze die kostenlose Version, die die Verkehrsdaten nur einen Monat lang speichert und keine IPs ausschlie\u00dfen kann. Das Ergebnis: Derzeit machen meine eigenen Besuche 90 % meines aktuellen Datenverkehrs aus.<\/p>\n","protected":false},"excerpt":{"rendered":"<p>Ich bin ein ziemlicher Hardware-Nerd, deshalb mag ich es sehr, wenn Leute eine \/uses\/ Seite haben. Die erste, die ich in freier Wildbahn gesehen habe &#8211; und die ich immer noch sehr cool finde &#8211; ist https:\/\/wesbos.com\/uses. Auf dieser Seite werde ich einen \u00dcberblick \u00fcber die Hardware, Software und Online-Dienste geben, die ich benutze, wenn [&hellip;]<\/p>\n","protected":false},"author":2,"featured_media":0,"parent":0,"menu_order":0,"comment_status":"closed","ping_status":"closed","template":"","meta":{"editor_notices":[],"footnotes":""},"class_list":["post-98","page","type-page","status-publish","hentry"],"_links":{"self":[{"href":"https:\/\/willemprins.me\/de\/wp-json\/wp\/v2\/pages\/98","targetHints":{"allow":["GET"]}}],"collection":[{"href":"https:\/\/willemprins.me\/de\/wp-json\/wp\/v2\/pages"}],"about":[{"href":"https:\/\/willemprins.me\/de\/wp-json\/wp\/v2\/types\/page"}],"author":[{"embeddable":true,"href":"https:\/\/willemprins.me\/de\/wp-json\/wp\/v2\/users\/2"}],"replies":[{"embeddable":true,"href":"https:\/\/willemprins.me\/de\/wp-json\/wp\/v2\/comments?post=98"}],"version-history":[{"count":17,"href":"https:\/\/willemprins.me\/de\/wp-json\/wp\/v2\/pages\/98\/revisions"}],"predecessor-version":[{"id":1218,"href":"https:\/\/willemprins.me\/de\/wp-json\/wp\/v2\/pages\/98\/revisions\/1218"}],"wp:attachment":[{"href":"https:\/\/willemprins.me\/de\/wp-json\/wp\/v2\/media?parent=98"}],"curies":[{"name":"wp","href":"https:\/\/api.w.org\/{rel}","templated":true}]}}